{"id":137,"date":"2018-04-02T06:30:14","date_gmt":"2018-04-02T06:30:14","guid":{"rendered":"http:\/\/le-bridge.com\/?page_id=137"},"modified":"2018-04-27T11:50:58","modified_gmt":"2018-04-27T11:50:58","slug":"news","status":"publish","type":"page","link":"https:\/\/le-bridge.com\/ro\/noutati\/","title":{"rendered":"Nout\u0103\u021bi"},"content":{"rendered":"<p class=\"qtranxs-available-languages-message qtranxs-available-languages-message-ro\">Din p\u0103cate acest articol este disponibil doar \u00een <a href=\"https:\/\/le-bridge.com\/en\/wp-json\/wp\/v2\/pages\/137\" class=\"qtranxs-available-language-link qtranxs-available-language-link-en\" title=\"En\">Englez\u0103 American\u0103<\/a> \u0219i <a href=\"https:\/\/le-bridge.com\/ru\/wp-json\/wp\/v2\/pages\/137\" class=\"qtranxs-available-language-link qtranxs-available-language-link-ru\" title=\"Ru\">Rus\u0103<\/a>.<\/p>","protected":false},"excerpt":{"rendered":"<p>Din p\u0103cate acest articol este disponibil doar \u00een Englez\u0103 American\u0103 \u0219i Rus\u0103.<\/p>\n","protected":false},"author":4,"featured_media":0,"parent":0,"menu_order":0,"comment_status":"closed","ping_status":"closed","template":"page\/news.php","meta":[],"_links":{"self":[{"href":"https:\/\/le-bridge.com\/ro\/wp-json\/wp\/v2\/pages\/137"}],"collection":[{"href":"https:\/\/le-bridge.com\/ro\/wp-json\/wp\/v2\/pages"}],"about":[{"href":"https:\/\/le-bridge.com\/ro\/wp-json\/wp\/v2\/types\/page"}],"author":[{"embeddable":true,"href":"https:\/\/le-bridge.com\/ro\/wp-json\/wp\/v2\/users\/4"}],"replies":[{"embeddable":true,"href":"https:\/\/le-bridge.com\/ro\/wp-json\/wp\/v2\/comments?post=137"}],"version-history":[{"count":6,"href":"https:\/\/le-bridge.com\/ro\/wp-json\/wp\/v2\/pages\/137\/revisions"}],"predecessor-version":[{"id":331,"href":"https:\/\/le-bridge.com\/ro\/wp-json\/wp\/v2\/pages\/137\/revisions\/331"}],"wp:attachment":[{"href":"https:\/\/le-bridge.com\/ro\/wp-json\/wp\/v2\/media?parent=137"}],"curies":[{"name":"wp","href":"https:\/\/api.w.org\/{rel}","templated":true}]}}