{"id":17,"date":"2018-03-22T13:27:09","date_gmt":"2018-03-22T13:27:09","guid":{"rendered":"http:\/\/le-bridge.com\/?page_id=17"},"modified":"2018-07-06T13:23:58","modified_gmt":"2018-07-06T13:23:58","slug":"our-group","status":"publish","type":"page","link":"https:\/\/le-bridge.com\/ro\/despre-noi\/grupul-nostru\/","title":{"rendered":"Grupul nostru"},"content":{"rendered":"<p>Le Bridge Corporation Limited este un grup larg, care ocup\u0103 o pozi\u0163ie\u00a0 puternic\u0103 \u015fi diversificat\u0103 \u00een afacerea de distribu\u0163ie \u00een Republica \u00a0Moldova. Grupul activeaz\u0103 \u00een trei domenii diferite: Le Bridge Corporation Limited \u2013 Distribu\u0163ie, Le Bridge Duty Free \u2013 cu 8 puncte de magazine duty free \u015fi \u2013 Sandriliona \u2013 fabrica de \u00eenghe\u0163at\u0103, una dintre cele mai importante companii \u00een domeniu. Fiind proeminent\u0103 \u00een aceste domenii economice pe pia\u0163a din Moldova, compania \u00ee\u015fi extinde \u015fi \u00eembun\u0103t\u0103\u0163e\u015fte, \u00een mod constant calitatea serviciilor care corespund dorin\u0163elor \u015fi necesit\u0103\u0163ilor clien\u0163ilor s\u0103i.<\/p>\n<p>Av\u00e2nd 20 de ani de experien\u0163\u0103 \u015fi parteneri importan\u0163i, a fost dezvoltat\u0103 o \u00eentreprindere eficient\u0103, comercial\u0103 la nivel na\u0163ional \u015fi de logistic\u0103. Le Bridge se distinge prin managementul s\u0103u extrem de eficient, precum \u015fi prin practici etice comerciale paralel cu cele mai \u00eenalte standarde. Succesul companiei se datoreaz\u0103 principiilor sale autentice: integritate, calitate \u00eenalt\u0103 a serviciilor, profesionalism \u015fi responsabilitate \u00een atingerea obiectivelor sale.<\/p>\n<p>Grupul de companii Le Bridge promoveaz\u0103 activitatea de cercetare continu\u0103 prin simplificarea \u015fi urm\u0103rirea diversific\u0103rii afacerii, pentru a cuceri pie\u0163e noi. Ultima fiind factorul cheie \u00een definirea strategiei de dezvoltare pe termen lung.<\/p>\n<p>&nbsp;<\/p>","protected":false},"excerpt":{"rendered":"<p>Le Bridge Corporation Limited este un grup larg, care ocup\u0103 o pozi\u0163ie\u00a0 puternic\u0103 \u015fi diversificat\u0103 \u00een afacerea de distribu\u0163ie \u00een Republica \u00a0Moldova. Grupul activeaz\u0103 \u00een trei domenii diferite: Le Bridge Corporation Limited \u2013 Distribu\u0163ie, Le Bridge Duty Free \u2013 cu 8 puncte de magazine duty free \u015fi \u2013 Sandriliona \u2013 fabrica de \u00eenghe\u0163at\u0103, una dintre [&hellip;]<\/p>\n","protected":false},"author":4,"featured_media":0,"parent":19,"menu_order":0,"comment_status":"closed","ping_status":"closed","template":"","meta":[],"_links":{"self":[{"href":"https:\/\/le-bridge.com\/ro\/wp-json\/wp\/v2\/pages\/17"}],"collection":[{"href":"https:\/\/le-bridge.com\/ro\/wp-json\/wp\/v2\/pages"}],"about":[{"href":"https:\/\/le-bridge.com\/ro\/wp-json\/wp\/v2\/types\/page"}],"author":[{"embeddable":true,"href":"https:\/\/le-bridge.com\/ro\/wp-json\/wp\/v2\/users\/4"}],"replies":[{"embeddable":true,"href":"https:\/\/le-bridge.com\/ro\/wp-json\/wp\/v2\/comments?post=17"}],"version-history":[{"count":8,"href":"https:\/\/le-bridge.com\/ro\/wp-json\/wp\/v2\/pages\/17\/revisions"}],"predecessor-version":[{"id":441,"href":"https:\/\/le-bridge.com\/ro\/wp-json\/wp\/v2\/pages\/17\/revisions\/441"}],"up":[{"embeddable":true,"href":"https:\/\/le-bridge.com\/ro\/wp-json\/wp\/v2\/pages\/19"}],"wp:attachment":[{"href":"https:\/\/le-bridge.com\/ro\/wp-json\/wp\/v2\/media?parent=17"}],"curies":[{"name":"wp","href":"https:\/\/api.w.org\/{rel}","templated":true}]}}