{"id":24,"date":"2018-03-22T16:38:47","date_gmt":"2018-03-22T16:38:47","guid":{"rendered":"http:\/\/le-bridge.com\/?page_id=24"},"modified":"2018-07-06T13:27:13","modified_gmt":"2018-07-06T13:27:13","slug":"our-filosophy","status":"publish","type":"page","link":"https:\/\/le-bridge.com\/ro\/despre-noi\/filozofia-noastra\/","title":{"rendered":"Filosofia noastr\u0103"},"content":{"rendered":"<p><strong>Le Bridge<\/strong> aspir\u0103 la rolul de lider \u00een domeniu, furniz\u00e2nd servicii inovative \u015fi competitive pentru a crea valoare. Este \u00eentr-o permanent\u0103 dezvoltare datorit\u0103 noilor tehnologii \u015fi resurselor cu poten\u0163ial ridicat.<\/p>\n<p><strong>MISIUNEA NOASTR\u0102:<br \/>\n<\/strong>Ne angaj\u0103m s\u0103 construim un pod \u00a0care s\u0103 continue rela\u0163ia de afacere dintre partenerii no\u015ftri \u015fi clien\u0163i, toate conduc\u00e2nd la posibilit\u0103\u0163i infinite pentru extinderea noastr\u0103 la nivel interna\u0163ional, pe viitor.<\/p>\n<p><strong>STRATEGIA NOASTR\u0102:<br \/>\n<\/strong>Compania are o strategie de dezvoltare a afacerii extrem de concentrat\u0103:<br \/>\n<strong>CREAZ\u0102 atmosfera de integritate, onestitate, interdependen\u0163\u0103 \u015fi inovare<\/strong>;<br \/>\n<strong>AVANSEAZ\u0102<\/strong> afacerea prin introducerea principiilor noi;<br \/>\n<strong>EXTINDE<\/strong> activit\u0103\u0163ile de baz\u0103 de afacere pe zone noi.<\/p>\n<p><strong>VALORILE NOASTRE:<br \/>\n<\/strong><strong>Distribu\u0163ia este sufletul nostru<\/strong><br \/>\nSuntem ghida\u0163i de pasiunea pentru excelen\u0163\u0103.<br \/>\n<strong>Simplitatea este puterea noastr\u0103<br \/>\n<\/strong>Pentru noi, simplitatea reprezint\u0103 a fi sinceri \u00een toate rela\u0163iile noastre, pentru a construi \u00eencredere \u015fi respect.<br \/>\n<strong>Clien\u0163ii reprezint\u0103 inspira\u0163ia noastr\u0103<br \/>\n<\/strong>Angajamentul de a oferi servicii excep\u0163ionale clientului.<br \/>\n<strong>Siguran\u0163a este marca noastr\u0103<br \/>\n<\/strong>Niciodat\u0103 nu dezam\u0103gim cu privire la calitate.<br \/>\n<strong>A ob\u0163ine mai mult este viitorul nostru<br \/>\n<\/strong>Ne str\u0103duim necontenit s\u0103 oferim servicii mai bune \u0219i s\u0103 cre\u0103m o valoare mai mare pentru atragerea angaja\u0163ilor competen\u0163i, care au ca scop atingerea obiectivelor noastre din cadrul companiei. \u00centotdeauna credem \u00een abilitatea noastr\u0103 de a realiza mai mult.<\/p>","protected":false},"excerpt":{"rendered":"<p>Le Bridge aspir\u0103 la rolul de lider \u00een domeniu, furniz\u00e2nd servicii inovative \u015fi competitive pentru a crea valoare. Este \u00eentr-o permanent\u0103 dezvoltare datorit\u0103 noilor tehnologii \u015fi resurselor cu poten\u0163ial ridicat. MISIUNEA NOASTR\u0102: Ne angaj\u0103m s\u0103 construim un pod \u00a0care s\u0103 continue rela\u0163ia de afacere dintre partenerii no\u015ftri \u015fi clien\u0163i, toate conduc\u00e2nd la posibilit\u0103\u0163i infinite pentru [&hellip;]<\/p>\n","protected":false},"author":4,"featured_media":0,"parent":19,"menu_order":0,"comment_status":"closed","ping_status":"closed","template":"","meta":[],"_links":{"self":[{"href":"https:\/\/le-bridge.com\/ro\/wp-json\/wp\/v2\/pages\/24"}],"collection":[{"href":"https:\/\/le-bridge.com\/ro\/wp-json\/wp\/v2\/pages"}],"about":[{"href":"https:\/\/le-bridge.com\/ro\/wp-json\/wp\/v2\/types\/page"}],"author":[{"embeddable":true,"href":"https:\/\/le-bridge.com\/ro\/wp-json\/wp\/v2\/users\/4"}],"replies":[{"embeddable":true,"href":"https:\/\/le-bridge.com\/ro\/wp-json\/wp\/v2\/comments?post=24"}],"version-history":[{"count":9,"href":"https:\/\/le-bridge.com\/ro\/wp-json\/wp\/v2\/pages\/24\/revisions"}],"predecessor-version":[{"id":442,"href":"https:\/\/le-bridge.com\/ro\/wp-json\/wp\/v2\/pages\/24\/revisions\/442"}],"up":[{"embeddable":true,"href":"https:\/\/le-bridge.com\/ro\/wp-json\/wp\/v2\/pages\/19"}],"wp:attachment":[{"href":"https:\/\/le-bridge.com\/ro\/wp-json\/wp\/v2\/media?parent=24"}],"curies":[{"name":"wp","href":"https:\/\/api.w.org\/{rel}","templated":true}]}}