{"id":30,"date":"2018-03-23T07:19:42","date_gmt":"2018-03-23T07:19:42","guid":{"rendered":"http:\/\/le-bridge.com\/?page_id=30"},"modified":"2018-07-06T14:35:09","modified_gmt":"2018-07-06T14:35:09","slug":"our-geography","status":"publish","type":"page","link":"https:\/\/le-bridge.com\/ro\/despre-noi\/geografia-noastra\/","title":{"rendered":"Geografia noastr\u0103"},"content":{"rendered":"<p><strong>Moldova<\/strong><\/p>\n<p>Compania Le Bridge este distribuitorul preferat de bunuri de larg consum de mi\u015fcare rapid\u0103, unde prezen\u0163a v\u00e2nz\u0103rii cu am\u0103nuntul este puternic accentuat\u0103.<\/p>\n<p>\u00cen prezent, ea asigur\u0103 100% din v\u00e2nz\u0103ri prin intermediul ramurilor de distribu\u0163ie create pe tot teritoriul \u0163\u0103rii, concentr\u00e2ndu-se pe cel mai \u00eenalt nivel de prestare a serviciilor clien\u0163ilor. Sediul principal se afl\u0103 \u00een Chi\u015fin\u0103u, iar alte 3 filiale sunt amplasate \u00een regiunea de nord \u2013 B\u0103l\u0163i, Cupcini \u015fi \u00een regiunea de sud \u2013 Cahul.<\/p>","protected":false},"excerpt":{"rendered":"<p>Moldova Compania Le Bridge este distribuitorul preferat de bunuri de larg consum de mi\u015fcare rapid\u0103, unde prezen\u0163a v\u00e2nz\u0103rii cu am\u0103nuntul este puternic accentuat\u0103. \u00cen prezent, ea asigur\u0103 100% din v\u00e2nz\u0103ri prin intermediul ramurilor de distribu\u0163ie create pe tot teritoriul \u0163\u0103rii, concentr\u00e2ndu-se pe cel mai \u00eenalt nivel de prestare a serviciilor clien\u0163ilor. Sediul principal se afl\u0103 [&hellip;]<\/p>\n","protected":false},"author":4,"featured_media":0,"parent":19,"menu_order":0,"comment_status":"closed","ping_status":"closed","template":"","meta":[],"_links":{"self":[{"href":"https:\/\/le-bridge.com\/ro\/wp-json\/wp\/v2\/pages\/30"}],"collection":[{"href":"https:\/\/le-bridge.com\/ro\/wp-json\/wp\/v2\/pages"}],"about":[{"href":"https:\/\/le-bridge.com\/ro\/wp-json\/wp\/v2\/types\/page"}],"author":[{"embeddable":true,"href":"https:\/\/le-bridge.com\/ro\/wp-json\/wp\/v2\/users\/4"}],"replies":[{"embeddable":true,"href":"https:\/\/le-bridge.com\/ro\/wp-json\/wp\/v2\/comments?post=30"}],"version-history":[{"count":10,"href":"https:\/\/le-bridge.com\/ro\/wp-json\/wp\/v2\/pages\/30\/revisions"}],"predecessor-version":[{"id":453,"href":"https:\/\/le-bridge.com\/ro\/wp-json\/wp\/v2\/pages\/30\/revisions\/453"}],"up":[{"embeddable":true,"href":"https:\/\/le-bridge.com\/ro\/wp-json\/wp\/v2\/pages\/19"}],"wp:attachment":[{"href":"https:\/\/le-bridge.com\/ro\/wp-json\/wp\/v2\/media?parent=30"}],"curies":[{"name":"wp","href":"https:\/\/api.w.org\/{rel}","templated":true}]}}