{"id":36,"date":"2018-03-23T07:49:39","date_gmt":"2018-03-23T07:49:39","guid":{"rendered":"http:\/\/le-bridge.com\/?page_id=36"},"modified":"2018-07-06T14:35:41","modified_gmt":"2018-07-06T14:35:41","slug":"our-people","status":"publish","type":"page","link":"https:\/\/le-bridge.com\/ro\/despre-noi\/oamenii-nostri\/","title":{"rendered":"Oamenii no\u015ftri"},"content":{"rendered":"<p>Succesul \u015fi viitorul oric\u0103rei companii se bazeaz\u0103 pe calitatea, devotamentul \u015fi diversitatea oamenilor s\u0103i. Lucrul \u00een echip\u0103 reprezint\u0103 elementul cheie \u00een aspira\u0163ia noastr\u0103 spre perfec\u0163iune. Compania Le Bridge recunoa\u015fte c\u0103, prin \u00eencurajarea implic\u0103rii angajatului, aprecierea ideilor angajatului, \u00eemputernicirea angaja\u0163ilor \u00een procesul de luare a deciziilor \u015fi prin unirea angaja\u0163ilor asupra obiective lor comune, se formeaz\u0103 at\u00e2t o for\u0163\u0103 c\u00e2t \u0219i o resurs\u0103 invincibil\u0103.<\/p>\n<p>Lucr\u0103m cu pasiune, cu devotament pentru perfec\u021biune, cu g\u00e2ndire neconven\u0163ional\u0103 (\u201cout-of-the-box\u201d) \u015fi am reu\u015fit s\u0103 ne dezvolt\u0103m datorit\u0103 inova\u0163iilor.<\/p>","protected":false},"excerpt":{"rendered":"<p>Succesul \u015fi viitorul oric\u0103rei companii se bazeaz\u0103 pe calitatea, devotamentul \u015fi diversitatea oamenilor s\u0103i. Lucrul \u00een echip\u0103 reprezint\u0103 elementul cheie \u00een aspira\u0163ia noastr\u0103 spre perfec\u0163iune. Compania Le Bridge recunoa\u015fte c\u0103, prin \u00eencurajarea implic\u0103rii angajatului, aprecierea ideilor angajatului, \u00eemputernicirea angaja\u0163ilor \u00een procesul de luare a deciziilor \u015fi prin unirea angaja\u0163ilor asupra obiective lor comune, se formeaz\u0103 [&hellip;]<\/p>\n","protected":false},"author":4,"featured_media":0,"parent":19,"menu_order":0,"comment_status":"closed","ping_status":"closed","template":"","meta":[],"_links":{"self":[{"href":"https:\/\/le-bridge.com\/ro\/wp-json\/wp\/v2\/pages\/36"}],"collection":[{"href":"https:\/\/le-bridge.com\/ro\/wp-json\/wp\/v2\/pages"}],"about":[{"href":"https:\/\/le-bridge.com\/ro\/wp-json\/wp\/v2\/types\/page"}],"author":[{"embeddable":true,"href":"https:\/\/le-bridge.com\/ro\/wp-json\/wp\/v2\/users\/4"}],"replies":[{"embeddable":true,"href":"https:\/\/le-bridge.com\/ro\/wp-json\/wp\/v2\/comments?post=36"}],"version-history":[{"count":7,"href":"https:\/\/le-bridge.com\/ro\/wp-json\/wp\/v2\/pages\/36\/revisions"}],"predecessor-version":[{"id":454,"href":"https:\/\/le-bridge.com\/ro\/wp-json\/wp\/v2\/pages\/36\/revisions\/454"}],"up":[{"embeddable":true,"href":"https:\/\/le-bridge.com\/ro\/wp-json\/wp\/v2\/pages\/19"}],"wp:attachment":[{"href":"https:\/\/le-bridge.com\/ro\/wp-json\/wp\/v2\/media?parent=36"}],"curies":[{"name":"wp","href":"https:\/\/api.w.org\/{rel}","templated":true}]}}