{"id":41,"date":"2018-03-23T07:59:25","date_gmt":"2018-03-23T07:59:25","guid":{"rendered":"http:\/\/le-bridge.com\/?page_id=41"},"modified":"2018-07-09T06:58:43","modified_gmt":"2018-07-09T06:58:43","slug":"quality-management","status":"publish","type":"page","link":"https:\/\/le-bridge.com\/ro\/despre-noi\/management-al-calitatii\/","title":{"rendered":"Management al calit\u0103\u0163ii"},"content":{"rendered":"<p>\u00cen anul 2011, compania a ob\u0163inut Certificatul ISO \u2013 confirmarea calit\u0103\u0163ii superioare a serviciilor prestate. Acest standard este bazat pe un num\u0103r de principii al managementului calit\u0103\u0163ii, inclusiv o concentrare maxim\u0103 asupra clientului, motiva\u0163ia \u015fi implicarea conducerii superioare, abordarea procesului \u015fi progresul continuu. Acesta ofer\u0103 specifica\u0163ii de clas\u0103 la nivel mondial pentru produse, servicii \u015fi sisteme, pentru a asigura calitatea, siguran\u0163a \u015fi eficien\u0163a. Aceasta sunt indispensabile pentru facilitarea comer\u0163ului interna\u0163ional.<\/p>","protected":false},"excerpt":{"rendered":"<p>\u00cen anul 2011, compania a ob\u0163inut Certificatul ISO \u2013 confirmarea calit\u0103\u0163ii superioare a serviciilor prestate. Acest standard este bazat pe un num\u0103r de principii al managementului calit\u0103\u0163ii, inclusiv o concentrare maxim\u0103 asupra clientului, motiva\u0163ia \u015fi implicarea conducerii superioare, abordarea procesului \u015fi progresul continuu. Acesta ofer\u0103 specifica\u0163ii de clas\u0103 la nivel mondial pentru produse, servicii \u015fi [&hellip;]<\/p>\n","protected":false},"author":4,"featured_media":0,"parent":19,"menu_order":0,"comment_status":"closed","ping_status":"closed","template":"","meta":[],"_links":{"self":[{"href":"https:\/\/le-bridge.com\/ro\/wp-json\/wp\/v2\/pages\/41"}],"collection":[{"href":"https:\/\/le-bridge.com\/ro\/wp-json\/wp\/v2\/pages"}],"about":[{"href":"https:\/\/le-bridge.com\/ro\/wp-json\/wp\/v2\/types\/page"}],"author":[{"embeddable":true,"href":"https:\/\/le-bridge.com\/ro\/wp-json\/wp\/v2\/users\/4"}],"replies":[{"embeddable":true,"href":"https:\/\/le-bridge.com\/ro\/wp-json\/wp\/v2\/comments?post=41"}],"version-history":[{"count":6,"href":"https:\/\/le-bridge.com\/ro\/wp-json\/wp\/v2\/pages\/41\/revisions"}],"predecessor-version":[{"id":455,"href":"https:\/\/le-bridge.com\/ro\/wp-json\/wp\/v2\/pages\/41\/revisions\/455"}],"up":[{"embeddable":true,"href":"https:\/\/le-bridge.com\/ro\/wp-json\/wp\/v2\/pages\/19"}],"wp:attachment":[{"href":"https:\/\/le-bridge.com\/ro\/wp-json\/wp\/v2\/media?parent=41"}],"curies":[{"name":"wp","href":"https:\/\/api.w.org\/{rel}","templated":true}]}}