{"id":45,"date":"2018-03-23T08:13:54","date_gmt":"2018-03-23T08:13:54","guid":{"rendered":"http:\/\/le-bridge.com\/?page_id=45"},"modified":"2018-07-12T11:29:07","modified_gmt":"2018-07-12T11:29:07","slug":"our-partners","status":"publish","type":"page","link":"https:\/\/le-bridge.com\/ro\/despre-noi\/partenerii-nostri\/","title":{"rendered":"Partenerii no\u015ftri"},"content":{"rendered":"<p>Le Bridge Corporation Ltd. este unul dintre liderii de distribu\u0163ie, servicii de logistic\u0103, v\u00e2nz\u0103ri, cu un portofoliu de brand puternic \u015fi bine echilibrat. Compania Le Bridge este distribuitor exclusiv \u015fi are o rela\u0163ie de afacere de termen lung cu liderii interna\u0163ionali.<\/p>","protected":false},"excerpt":{"rendered":"<p>Le Bridge Corporation Ltd. este unul dintre liderii de distribu\u0163ie, servicii de logistic\u0103, v\u00e2nz\u0103ri, cu un portofoliu de brand puternic \u015fi bine echilibrat. Compania Le Bridge este distribuitor exclusiv \u015fi are o rela\u0163ie de afacere de termen lung cu liderii interna\u0163ionali.<\/p>\n","protected":false},"author":4,"featured_media":0,"parent":19,"menu_order":0,"comment_status":"closed","ping_status":"closed","template":"","meta":[],"_links":{"self":[{"href":"https:\/\/le-bridge.com\/ro\/wp-json\/wp\/v2\/pages\/45"}],"collection":[{"href":"https:\/\/le-bridge.com\/ro\/wp-json\/wp\/v2\/pages"}],"about":[{"href":"https:\/\/le-bridge.com\/ro\/wp-json\/wp\/v2\/types\/page"}],"author":[{"embeddable":true,"href":"https:\/\/le-bridge.com\/ro\/wp-json\/wp\/v2\/users\/4"}],"replies":[{"embeddable":true,"href":"https:\/\/le-bridge.com\/ro\/wp-json\/wp\/v2\/comments?post=45"}],"version-history":[{"count":33,"href":"https:\/\/le-bridge.com\/ro\/wp-json\/wp\/v2\/pages\/45\/revisions"}],"predecessor-version":[{"id":468,"href":"https:\/\/le-bridge.com\/ro\/wp-json\/wp\/v2\/pages\/45\/revisions\/468"}],"up":[{"embeddable":true,"href":"https:\/\/le-bridge.com\/ro\/wp-json\/wp\/v2\/pages\/19"}],"wp:attachment":[{"href":"https:\/\/le-bridge.com\/ro\/wp-json\/wp\/v2\/media?parent=45"}],"curies":[{"name":"wp","href":"https:\/\/api.w.org\/{rel}","templated":true}]}}